{"id":13,"date":"2026-02-08T18:42:44","date_gmt":"2026-02-08T18:42:44","guid":{"rendered":"https:\/\/codigoconvictor.com\/?page_id=13"},"modified":"2026-02-11T19:12:56","modified_gmt":"2026-02-11T19:12:56","slug":"about","status":"publish","type":"page","link":"https:\/\/codigoconvictor.com\/es\/about\/","title":{"rendered":"Acerca de"},"content":{"rendered":"<div class=\"et_pb_section_0 et_pb_section et_section_regular et_block_section\">\n<div class=\"et_pb_row_0 et_pb_row et_block_row\">\n<div class=\"et_pb_column_0 et_pb_column et_pb_column_4_4 et-last-child et_block_column et_pb_css_mix_blend_mode_passthrough\">\n<div class=\"et_pb_image_0 et_pb_image et_pb_module et_block_module\"><span class=\"et_pb_image_wrap\"><img loading=\"lazy\" decoding=\"async\" src=\"https:\/\/codigoconvictor.com\/wp-content\/uploads\/2026\/02\/IMG_9647.jpg\" title=\"IMG_9647\" width=\"660\" height=\"960\" srcset=\"https:\/\/codigoconvictor.com\/wp-content\/uploads\/2026\/02\/IMG_9647.jpg 660w, https:\/\/codigoconvictor.com\/wp-content\/uploads\/2026\/02\/IMG_9647-480x698.jpg 480w\" sizes=\"(min-width: 0px) and (max-width: 480px) 480px, (min-width: 481px) 660px, 100vw\" class=\"wp-image-81\" \/><\/span><\/div>\n\n<div class=\"et_pb_heading_0 et_pb_heading et_pb_module et_block_module preset--module--divi-heading--default\"><div class=\"et_pb_heading_container\"><h2 class=\"et_pb_module_header\">Hola, soy Victor<\/h2><\/div><\/div>\n\n<div class=\"et_pb_heading_1 et_pb_heading et_pb_module et_block_module preset--module--divi-heading--0adaddf9-f1ec-4afa-9b24-b81c1384b572\"><div class=\"et_pb_heading_container\"><h4 class=\"et_pb_module_header\">@codigoconvictor<\/h4><\/div><\/div>\n<\/div>\n<\/div>\n\n<div class=\"et_pb_row_1 et_pb_row et_block_row\">\n<div class=\"et_pb_column_1 et_pb_column et_pb_column_4_4 et-last-child et_block_column et_pb_css_mix_blend_mode_passthrough\">\n<div class=\"et_pb_text_0 et_pb_text et_pb_bg_layout_light et_pb_module et_block_module et_pb_text_align_center preset--module--divi-text--default\"><div class=\"et_pb_text_inner\"><h4>Especialista en Desarrollo WordPress y Soluciones Digitales<\/h4>\n<p>\u00a1Hola! Soy V\u00edctor, desarrollador web especializado en ecosistemas WordPress. Mi atenci\u00f3n se centra en la construcci\u00f3n de plataformas que combinen solidez t\u00e9cnica, velocidad y seguridad de alto nivel.<\/p>\n<p>Con una trayectoria enfocada a resultados, ayudo a empresas a consolidar su presencia digital. Me especializo en el desarrollo de portales corporativos institucionales y la arquitectura de tiendas online de alto rendimiento con WooCommerce.<\/p>\n<p>Mi metodolog\u00eda de trabajo integra herramientas l\u00edderes como Gutenberg y Divi, potenciadas con desarrollo personalizado para garantizar que cada proyecto sea escalable. No s\u00f3lo entrego un sitio web; Optimico el SEO t\u00e9cnico, protejo la seguridad y administro el mantenimiento proactivo para garantizar la continuidad de tu negocio.<\/p>\n<p>Si buscas transformar tu infraestructura digital en un activo profesional y eficiente, estoy listo para asesorarte. Llevemos tu proyecto al siguiente nivel.<\/p>\n<h4>Infraestructura t\u00e9cnica para proyectos de alto nivel.<\/h4>\n<p>Como desarrollador especializado en WordPress, domino PHP, JavaScript y CSS para crear plataformas din\u00e1micas que no s\u00f3lo sean visualmente atractivas, sino tambi\u00e9n t\u00e9cnicamente s\u00f3lidas. Mi capacidad para escribir c\u00f3digo personalizado me permite superar las limitaciones de las plantillas est\u00e1ndar, ofreciendo soluciones s\u00f3lidas adaptadas a cada industria.<\/p>\n<\/div><\/div>\n\n<div class=\"et_pb_module et_pb_button_module_wrapper et_pb_button_0_wrapper preset--module--divi-button--default_wrapper\"><a class=\"et_pb_button_0 et_pb_button et_pb_bg_layout_light et_pb_module et_block_module preset--module--divi-button--default\" href=\"https:\/\/codigoconvictor.com\/es\/contact\/\">Cont\u00e1ctame<\/a><\/div>\n<\/div>\n<\/div>\n<\/div>\n\n\n\n<div class=\"et_pb_section_2 et_pb_section et_section_regular et_block_section preset--module--divi-section--362ada36-891f-4be2-b115-0ee19aadf10c\">\n<div class=\"et_pb_row_4 et_pb_row et_block_row\">\n<div class=\"et_pb_column_7 et_pb_column et_pb_column_4_4 et-last-child et_block_column et_pb_css_mix_blend_mode_passthrough\">\n<div class=\"et_pb_heading_3 et_pb_heading et_pb_module et_block_module preset--module--divi-heading--2eaa1252-fdfd-4d72-a52a-8e4c2a13c028\"><div class=\"et_pb_heading_container\"><h1 class=\"et_pb_module_header\">Habilidades y experiencia<\/h1><\/div><\/div>\n<\/div>\n<\/div>\n\n<div class=\"et_pb_row_5 et_pb_row et_block_row\">\n<div class=\"et_pb_column_8 et_pb_column et_pb_column_1_2 et_block_column et_pb_css_mix_blend_mode_passthrough\">\n<div class=\"et_pb_heading_4 et_pb_heading et_pb_module et_block_module preset--module--divi-heading--default\"><div class=\"et_pb_heading_container\"><h2 class=\"et_pb_module_header\">La experiencia detr\u00e1s de cada proyecto exitoso<\/h2><\/div><\/div>\n\n<div class=\"et_pb_module et_pb_button_module_wrapper et_pb_button_1_wrapper preset--module--divi-button--default_wrapper\"><a class=\"et_pb_button_1 et_pb_button et_pb_bg_layout_light et_pb_module et_block_module preset--module--divi-button--default\" href=\"\">M\u00e1s informaci\u00f3n<\/a><\/div>\n<\/div>\n\n<div class=\"et_pb_column_9 et_pb_column et_pb_column_1_2 et-last-child et_block_column et_pb_css_mix_blend_mode_passthrough\">\n<div class=\"et_pb_blurb_0 et_pb_blurb et_pb_bg_layout_dark et_pb_blurb_position_left et_pb_module et_block_module preset--module--divi-blurb--b8ea676a-bda4-461b-8fe0-8f1979a72473\"><div class=\"et_pb_blurb_content\"><div class=\"et_pb_blurb_container\"><h4 class=\"et_pb_module_header\">WordPress<\/h4><div class=\"et_pb_blurb_description\"><p>Desarrollo plataformas WordPress de alto impacto, integrando dise\u00f1o de vanguardia, seguridad corporativa y t\u00e9cnicas de optimizaci\u00f3n en motores de b\u00fasqueda (SEO). Especialista en arquitecturas WooCommerce dise\u00f1adas para maximizar la conversi\u00f3n y escalabilidad de tu negocio online.<\/p>\n<\/div><\/div><\/div><\/div>\n\n<div class=\"et_pb_blurb_1 et_pb_blurb et_pb_bg_layout_dark et_pb_blurb_position_left et_pb_module et_block_module preset--module--divi-blurb--b8ea676a-bda4-461b-8fe0-8f1979a72473\"><div class=\"et_pb_blurb_content\"><div class=\"et_pb_blurb_container\"><h4 class=\"et_pb_module_header\">PHP<\/h4><div class=\"et_pb_blurb_description\"><p>Optimizaci\u00f3n de la arquitectura backend usando PHP, asegurando que cada funcionalidad sea liviana, segura y escalable para soportar el crecimiento de su plataforma sin comprometer la velocidad.<\/p>\n<\/div><\/div><\/div><\/div>\n\n<div class=\"et_pb_blurb_2 et_pb_blurb et_pb_bg_layout_dark et_pb_blurb_position_left et_pb_module et_block_module preset--module--divi-blurb--b8ea676a-bda4-461b-8fe0-8f1979a72473\"><div class=\"et_pb_blurb_content\"><div class=\"et_pb_blurb_container\"><h4 class=\"et_pb_module_header\">JAVASCRIPT<\/h4><div class=\"et_pb_blurb_description\"><p>Implementaci\u00f3n de l\u00f3gica frontend utilizando JavaScript para crear portales din\u00e1micos y r\u00e1pidos. Me concentro en la personalizaci\u00f3n avanzada de temas y en la creaci\u00f3n de interfaces modernas que garanticen una interacci\u00f3n eficiente del usuario.<\/p>\n<\/div><\/div><\/div><\/div>\n\n<div class=\"et_pb_blurb_3 et_pb_blurb et_pb_bg_layout_dark et_pb_blurb_position_left et_pb_module et_block_module preset--module--divi-blurb--b8ea676a-bda4-461b-8fe0-8f1979a72473\"><div class=\"et_pb_blurb_content\"><div class=\"et_pb_blurb_container\"><h4 class=\"et_pb_module_header\">CSS<\/h4><div class=\"et_pb_blurb_description\"><p>Dominio avanzado de CSS para la creaci\u00f3n de interfaces corporativas de alta fidelidad. Garantizo una presencia visual s\u00f3lida y acorde con la identidad de la marca, bajo est\u00e1ndares de dise\u00f1o responsivo que aseguran una perfecta visualizaci\u00f3n en cualquier dispositivo.<\/p>\n<\/div><\/div><\/div><\/div>\n<\/div>\n<\/div>\n<\/div>","protected":false},"excerpt":{"rendered":"","protected":false},"author":1,"featured_media":0,"parent":0,"menu_order":0,"comment_status":"closed","ping_status":"closed","template":"","meta":{"footnotes":""},"class_list":["post-13","page","type-page","status-publish","hentry"],"_links":{"self":[{"href":"https:\/\/codigoconvictor.com\/es\/wp-json\/wp\/v2\/pages\/13","targetHints":{"allow":["GET"]}}],"collection":[{"href":"https:\/\/codigoconvictor.com\/es\/wp-json\/wp\/v2\/pages"}],"about":[{"href":"https:\/\/codigoconvictor.com\/es\/wp-json\/wp\/v2\/types\/page"}],"author":[{"embeddable":true,"href":"https:\/\/codigoconvictor.com\/es\/wp-json\/wp\/v2\/users\/1"}],"replies":[{"embeddable":true,"href":"https:\/\/codigoconvictor.com\/es\/wp-json\/wp\/v2\/comments?post=13"}],"version-history":[{"count":8,"href":"https:\/\/codigoconvictor.com\/es\/wp-json\/wp\/v2\/pages\/13\/revisions"}],"predecessor-version":[{"id":202,"href":"https:\/\/codigoconvictor.com\/es\/wp-json\/wp\/v2\/pages\/13\/revisions\/202"}],"wp:attachment":[{"href":"https:\/\/codigoconvictor.com\/es\/wp-json\/wp\/v2\/media?parent=13"}],"curies":[{"name":"wp","href":"https:\/\/api.w.org\/{rel}","templated":true}]}}